{"id":936,"date":"2023-03-28T20:06:58","date_gmt":"2023-03-28T18:06:58","guid":{"rendered":"https:\/\/blp-interimsmanagement.at\/?page_id=936"},"modified":"2023-03-28T20:11:36","modified_gmt":"2023-03-28T18:11:36","slug":"datenschutz","status":"publish","type":"page","link":"https:\/\/blp-interimsmanagement.at\/en\/datenschutz\/","title":{"rendered":"DATA PROTECTION"},"content":{"rendered":"<div data-elementor-type=\"wp-page\" data-elementor-id=\"936\" class=\"elementor elementor-936\">\n\t\t\t\t\t\t\t<div class=\"elementor-element elementor-element-af9fc3f e-flex e-con-boxed e-con e-parent\" data-id=\"af9fc3f\" data-element_type=\"container\" data-settings=\"{&quot;content_width&quot;:&quot;boxed&quot;}\" data-core-v316-plus=\"true\">\n\t\t\t\t\t<div class=\"e-con-inner\">\n\t\t\t\t<div class=\"elementor-element elementor-element-d942fed elementor-widget elementor-widget-text-editor\" data-id=\"d942fed\" data-element_type=\"widget\" data-widget_type=\"text-editor.default\">\n\t\t\t\t<div class=\"elementor-widget-container\">\n\t\t\t<style>\/*! elementor - v3.16.0 - 09-10-2023 *\/\n.elementor-widget-text-editor.elementor-drop-cap-view-stacked .elementor-drop-cap{background-color:#69727d;color:#fff}.elementor-widget-text-editor.elementor-drop-cap-view-framed .elementor-drop-cap{color:#69727d;border:3px solid;background-color:transparent}.elementor-widget-text-editor:not(.elementor-drop-cap-view-default) .elementor-drop-cap{margin-top:8px}.elementor-widget-text-editor:not(.elementor-drop-cap-view-default) .elementor-drop-cap-letter{width:1em;height:1em}.elementor-widget-text-editor .elementor-drop-cap{float:left;text-align:center;line-height:1;font-size:50px}.elementor-widget-text-editor .elementor-drop-cap-letter{display:inline-block}<\/style>\t\t\t\t<div class=\"wbk-widget wbk-widget-text wbk-widget-text-headline wbk-inner-content\"><div class=\"wbk-widget-content wbk-widget-content-text\"><h1>Data Protection Information<\/h1><\/div><\/div><div class=\"wbk-widget wbk-widget-text wbk-inner-content\"><div class=\"wbk-widget-content wbk-widget-content-text\"><p>This information describes how BLP Better Life Products GmbH (\"we\") processes your personal data.<\/p><\/div><\/div><div class=\"wbk-widget wbk-widget-text wbk-widget-text-headline wbk-inner-content\"><div class=\"wbk-widget-content wbk-widget-content-text\"><h3>Processing of your data<\/h3><\/div><\/div><div class=\"wbk-widget wbk-widget-text wbk-inner-content\"><div class=\"wbk-widget-content wbk-widget-content-text\"><p>All data you provide to us when you enter into a contract with us or make an inquiry to us (e.g. regarding purchase, distribution channels, use of our products, product information) will be used by us exclusively for those purposes that are necessary for the fulfillment of the contract or the response to your inquiry, unless you have given your consent for further data processing (Art. 6 para. 1 lit. b and f GDPR).<\/p><\/div><\/div><div class=\"wbk-widget wbk-widget-text wbk-inner-content\"><div class=\"wbk-widget-content wbk-widget-content-text\"><p>Only if you give your consent in accordance with Art. 6 para. 1 lit. a GDPR, we will also use your data that you provide to us with this consent for other purposes, such as sending newsletters etc; the exact purpose of use is stated in the respective declaration of consent. You can revoke your consent at any time, but please note that even after revocation, all data processing that is necessary for the fulfillment of contracts or legal obligations may continue to be carried out by us.<\/p><\/div><\/div><div class=\"wbk-widget wbk-widget-text wbk-widget-text-headline wbk-inner-content\"><div class=\"wbk-widget-content wbk-widget-content-text\"><h3>Transmission of your data to recipients<\/h3><\/div><\/div><div class=\"wbk-widget wbk-widget-text wbk-inner-content\"><div class=\"wbk-widget-content wbk-widget-content-text\"><p>With your consent, your data will be transmitted to the affiliated companies named in your declaration of consent; these companies may also only use your data to the extent to which you have consented.<\/p><\/div><\/div><div class=\"wbk-widget wbk-widget-text wbk-inner-content\"><div class=\"wbk-widget-content wbk-widget-content-text\"><p>In addition, we outsource individual data processing to external service providers. These data processors are given access to your data to the extent necessary for their services. Data processors are also subject to the strict provisions of data protection law and are bound to the processing purposes that we specify to them in the contract, so they may not use your data for any other purposes. We make your data accessible to the following data processors:<\/p><\/div><\/div><div class=\"wbk-widget wbk-widget-text wbk-inner-content\"><div class=\"wbk-widget-content wbk-widget-content-text\"><ul><li>Field service or sales representatives and wholesalers appointed by us<\/li><li>IT service providers appointed by us<\/li><li>Shipping service providers such as couriers<\/li><li>Credit institutions for the purpose of payment<\/li><li>Tax consultants<\/li><li>Market research institutes<\/li><li>Marketing service providers such as printers etc.<\/li><\/ul><\/div><\/div><div class=\"wbk-widget wbk-widget-text wbk-inner-content\"><div class=\"wbk-widget-content wbk-widget-content-text\"><p>Some of the recipients mentioned above are located outside the European Union or process your personal data there. The level of data protection in other countries may not correspond to that of the European Union. However, we only transfer your data to countries for which the European Commission has determined that they have an adequate level of data protection. In particular, when using US-American IT services, we only work with companies that have committed to complying with the European data protection level by joining the EU-US Privacy Shield.<\/p><\/div><\/div><div class=\"wbk-widget wbk-widget-text wbk-widget-text-headline wbk-inner-content\"><div class=\"wbk-widget-content wbk-widget-content-text\"><h3>Storage period<\/h3><\/div><\/div><div class=\"wbk-widget wbk-widget-text wbk-inner-content\"><div class=\"wbk-widget-content wbk-widget-content-text\"><p>We will only retain your data for as long as we reasonably consider necessary to achieve the purposes mentioned above and as permitted by applicable law. In any case, we will store your data for as long as legal retention obligations exist or limitation periods for potential legal claims have not yet expired.<\/p><\/div><\/div><div class=\"wbk-widget wbk-widget-text wbk-widget-text-headline wbk-inner-content\"><div class=\"wbk-widget-content wbk-widget-content-text\"><h3>Data processing when using our website<\/h3><\/div><\/div><div class=\"wbk-widget wbk-widget-text wbk-inner-content\"><div class=\"wbk-widget-content wbk-widget-content-text\"><p>We use Google Analytics, a web analysis service of Google Inc. (\"Google\"). Google Analytics uses so-called \"cookies\", text files which are stored on the users' computer and which enable an analysis of the use of the website. The information generated by the cookie about the use of the website (without the users' IP address) will be transmitted to a server of Google in the USA and stored there. Google will use this information to evaluate the use of the website, to compile reports on the website activities for the website operators and to provide further services connected with the use of the website and the internet. Google may also transfer this information to third parties where required to do so by law, or where such third parties process the information on Google's behalf. You are aware that you can prevent the installation of cookies by adjusting your browser software accordingly. However, we would like to point out that in this case you may not be able to use all functions of this website to their full extent.\nBy using this website, you agree to the processing of data collected about you by Google in the manner and for the purposes described above.<\/p><\/div><\/div><div class=\"wbk-widget wbk-widget-text wbk-widget-text-headline wbk-inner-content\"><div class=\"wbk-widget-content wbk-widget-content-text\"><h3>Hosting and Email Delivery<\/h3><\/div><\/div><div class=\"wbk-widget wbk-widget-text wbk-inner-content\"><div class=\"wbk-widget-content wbk-widget-content-text\"><p>We use hosting services for the following services: infrastructure and platform services, computing capacity, storage space and database services, email delivery, security services, and technical maintenance services that we use for the operation of this online offer. For this purpose, we engage hosting providers who are bound by the rules of the GDPR as processors.<\/p><\/div><\/div><div class=\"wbk-widget wbk-widget-text wbk-inner-content\"><div class=\"wbk-widget-content wbk-widget-content-text\"><p>In this context, we and\/or our hosting provider process inventory data, contact data, content data, contract data, usage data, meta and communication data from customers, prospects, and visitors of this online offer based on our legitimate interests in an efficient and secure provision of this online offer (Art 6 para. 1 lit f DSGVO).<\/p><\/div><\/div><div class=\"wbk-widget wbk-widget-text wbk-widget-text-headline wbk-inner-content\"><div class=\"wbk-widget-content wbk-widget-content-text\"><h3>Google Tag Manager<\/h3><\/div><\/div><div class=\"wbk-widget wbk-widget-text wbk-inner-content\"><div class=\"wbk-widget-content wbk-widget-content-text\"><p>Google Tag Manager is a solution that we use to measure interactions with our online offer. The Tag Manager itself does not process any personal data of users. The corresponding usage policies can be found at: https:\/\/www.google.com\/intl\/de\/tagmanager\/use-policy.html.<a href=\"https:\/\/www.google.com\/intl\/de\/tagmanager\/use-policy.html\">https:\/\/www.google.com\/intl\/de\/tagmanager\/use-policy.html<\/a>.<\/p><\/div><\/div><div class=\"wbk-widget wbk-widget-text wbk-widget-text-headline wbk-inner-content\"><div class=\"wbk-widget-content wbk-widget-content-text\"><h3>Integration of Third-Party Services and Content<\/h3><\/div><\/div><div class=\"wbk-widget wbk-widget-text wbk-inner-content\"><div class=\"wbk-widget-content wbk-widget-content-text\"><p>We also use content or services from third-party providers within our online offer to, for example, embed videos (hereinafter collectively referred to as \"content\"). This is done based on our legitimate interests in analyzing, optimizing, and economically operating our online offer (Art 6 para. 1 lit f DSGVO).<\/p><\/div><\/div><div class=\"wbk-widget wbk-widget-text wbk-inner-content\"><div class=\"wbk-widget-content wbk-widget-content-text\"><p>The third-party providers of this content perceive the IP address of the users, since without the IP address they could not send the content to their browser. The IP address is thus necessary for the display of this content.<\/p><\/div><\/div><div class=\"wbk-widget wbk-widget-text wbk-inner-content\"><div class=\"wbk-widget-content wbk-widget-content-text\"><p>We endeavor to use only such content whose respective providers use the IP address solely to deliver the content. Third-party providers may also use so-called pixel tags (invisible graphics, also known as \"web beacons\") for statistical or marketing purposes. The \"pixel tags\" can be used to evaluate information such as visitor traffic to the pages of this website. The pseudonymous information may also be stored in cookies on the users' device and may contain technical information about the browser and operating system, referring websites, visit time, as well as further information about the use of our online offer and may also be linked to such information from other sources.<\/p><\/div><\/div><div class=\"wbk-widget wbk-widget-text wbk-widget-text-headline wbk-inner-content\"><div class=\"wbk-widget-content wbk-widget-content-text\"><h4><strong>Youtube<\/strong><\/h4><\/div><\/div><div class=\"wbk-widget wbk-widget-text wbk-inner-content\"><div class=\"wbk-widget-content wbk-widget-content-text\"><p>We embed videos from the platform \"YouTube.\" The provider's privacy policy, Google LLC, 1600 Amphitheater Parkway, Mountain View, CA 94043, USA, can be found at: https:\/\/www.google.com\/policies\/privacy\/. The possibility of opting out of this service exists at: https:\/\/adssettings.google.com\/authenticated.<a href=\"\/en\/The processed data may include your IP addresses and location data, which, however, will not be collected without your consent. You can usually make these settings directly in your browser or on your mobile device. The data may be processed in the USA. The provider&\/#039;s privacy policy can be found at: https:\/\/www.google.com\/policies\/privacy\/. The possibility of opting out of this service exists at: https:\/\/adssettings.google\">The processed data may include your IP addresses and location data, which, however, will not be collected without your consent. You can usually make these settings directly in your browser or on your mobile device. The data may be processed in the USA. The provider's privacy policy can be found at: https:\/\/www.google.com\/policies\/privacy\/. The possibility of opting out of this service exists at: https:\/\/adssettings.google<\/a>. Die M\u00f6glichkeit eines Opt-Out aus diesem Dienst besteht unter:<a href=\"https:\/\/adssettings.google.com\/authenticated\">https:\/\/adssettings.google.com\/authenticated<\/a>.<\/p><\/div><\/div><div class=\"wbk-widget wbk-widget-text wbk-widget-text-headline wbk-inner-content\"><div class=\"wbk-widget-content wbk-widget-content-text\"><h4><strong>Google ReCaptcha<\/strong><\/h4><\/div><\/div><div class=\"wbk-widget wbk-widget-text wbk-inner-content\"><div class=\"wbk-widget-content wbk-widget-content-text\"><p>We integrate the function \"Google ReCaptcha\" of the provider Google LLC, 1600 Amphitheater Parkway, Mountain View, CA 94043, USA, for the detection of bots, e.g. in online forms, into our web offering. The provider's privacy policy can be found at: https:\/\/www.google.com\/policies\/privacy\/. The possibility of opting out of this service exists at: https:\/\/adssettings.google.com\/authenticated.<a href=\"\/en\/The processed data may include your IP addresses and location data, which, however, will not be collected without your consent. You can usually make these settings directly in your browser or on your mobile device. The data may be processed in the USA. The provider&\/#039;s privacy policy can be found at: https:\/\/www.google.com\/policies\/privacy\/. The possibility of opting out of this service exists at: https:\/\/adssettings.google\">The processed data may include your IP addresses and location data, which, however, will not be collected without your consent. You can usually make these settings directly in your browser or on your mobile device. The data may be processed in the USA. The provider's privacy policy can be found at: https:\/\/www.google.com\/policies\/privacy\/. The possibility of opting out of this service exists at: https:\/\/adssettings.google<\/a>. Die M\u00f6glichkeit eines Opt-Out aus diesem Dienst besteht unter:<a href=\"https:\/\/adssettings.google.com\/authenticated\">https:\/\/adssettings.google.com\/authenticated<\/a>.<\/p><\/div><\/div><div class=\"wbk-widget wbk-widget-text wbk-widget-text-headline wbk-inner-content\"><div class=\"wbk-widget-content wbk-widget-content-text\"><h4><strong>Google Maps<\/strong><\/h4><\/div><\/div><div class=\"wbk-widget wbk-widget-text wbk-inner-content\"><div class=\"wbk-widget-content wbk-widget-content-text\"><p>We embed the maps of the \"Google Maps\" service of the provider Google LLC, 1600 Amphitheater Parkway, Mountain View, CA 94043, USA, into our web offering.<\/p><\/div><\/div><div class=\"wbk-widget wbk-widget-text wbk-inner-content\"><div class=\"wbk-widget-content wbk-widget-content-text\"><p>The processed data may include your IP addresses and location data, which, however, will not be collected without your consent. You can usually make these settings directly in your browser or on your mobile device. The data may be processed in the USA. The provider's privacy policy can be found at: https:\/\/www.google.com\/policies\/privacy\/. The possibility of opting out of this service exists at: https:\/\/adssettings.google<a href=\"\/en\/The processed data may include your IP addresses and location data, which, however, will not be collected without your consent. You can usually make these settings directly in your browser or on your mobile device. The data may be processed in the USA. The provider&\/#039;s privacy policy can be found at: https:\/\/www.google.com\/policies\/privacy\/. The possibility of opting out of this service exists at: https:\/\/adssettings.google\">The processed data may include your IP addresses and location data, which, however, will not be collected without your consent. You can usually make these settings directly in your browser or on your mobile device. The data may be processed in the USA. The provider's privacy policy can be found at: https:\/\/www.google.com\/policies\/privacy\/. The possibility of opting out of this service exists at: https:\/\/adssettings.google<\/a>. Die M\u00f6glichkeit eines Opt-Out aus diesem Dienst besteht unter:<a href=\"https:\/\/adssettings.google.com\/authenticated\">https:\/\/adssettings.google.com\/authenticated<\/a>.<\/p><\/div><\/div><div class=\"wbk-widget wbk-widget-text wbk-widget-text-headline wbk-inner-content\"><div class=\"wbk-widget-content wbk-widget-content-text\"><h3>Online presences in social media<\/h3><\/div><\/div><div class=\"wbk-widget wbk-widget-text wbk-inner-content\"><div class=\"wbk-widget-content wbk-widget-content-text\"><p>We maintain online presences within social networks such as Facebook, [please insert all networks on which Apomedica is represented, possibly Instagram, Pinterest, etc.], to be able to communicate with customers, interested parties, and users active there and inform them about our services. All of these services are either registered under the EU-US Privacy Shield or are based in the EU and are therefore bound by the rules of the GDPR.<\/p><\/div><\/div><div class=\"wbk-widget wbk-widget-text wbk-inner-content\"><div class=\"wbk-widget-content wbk-widget-content-text\"><p>In general, these social networks process their users' data for market research and advertising purposes. For example, usage behavior and resulting user interests can be used to create usage profiles. The usage profiles can in turn be used to display advertisements within and outside of social networks that presumably correspond to users' interests. For these purposes, cookies are usually stored on users' computers, in which usage behavior and user interests are saved.<\/p><\/div><\/div><div class=\"wbk-widget wbk-widget-text wbk-inner-content\"><div class=\"wbk-widget-content wbk-widget-content-text\"><p>In addition, data can also be stored in usage profiles independently of the devices used by users (especially if users are members of the respective platforms and are logged in to them). The use of these social networks and the associated processing of users' personal data is based on our legitimate interests in effective user information and communication with users in accordance with Art. 6 para. 1 lit. f GDPR. If users are asked by the respective providers for consent to data processing (for example, by checking a box or confirming a button), the legal basis for processing is Art. 6 para. 1 lit. a GDPR.<\/p><\/div><\/div><div class=\"wbk-widget wbk-widget-text wbk-inner-content\"><div class=\"wbk-widget-content wbk-widget-content-text\"><p>For a detailed description of the respective processing and the possibility of objection (opt-out), we refer to the provider's linked information. We also point out that users can most effectively exercise their rights as data subjects with the providers. Only the providers have access to users' data and can take appropriate measures and provide information directly. If you still need help, we are happy to assist you.<\/p><\/div><\/div><div class=\"wbk-widget wbk-widget-text wbk-inner-content\"><div class=\"wbk-widget-content wbk-widget-content-text\"><p>You can reach the provider at the following contact details and links:<\/p><\/div><\/div><div class=\"wbk-widget wbk-widget-text wbk-inner-content\"><div class=\"wbk-widget-content wbk-widget-content-text\"><p>Facebook (Facebook Ireland Ltd., 4 Grand Canal Square, Grand Canal Harbour, Dublin 2, Ireland)<br \/>Privacy policy:<a href=\"https:\/\/www.facebook.com\/about\/privacy\">https:\/\/www.facebook.com\/about\/privacy<\/a><br \/>Opt-out:<a href=\"https:\/\/www.facebook.com\/settings?tab=ads\">https:\/\/www.facebook.com\/settings?tab=ads<\/a>\u00a0 and<br \/><a href=\"http:\/\/www.youronlinechoices.com\/\">http:\/\/www.youronlinechoices.com\/<\/a><\/p><\/div><\/div><div class=\"wbk-widget wbk-widget-text wbk-widget-text-headline wbk-inner-content\"><div class=\"wbk-widget-content wbk-widget-content-text\"><h3>Your rights related to your data<\/h3><\/div><\/div><div class=\"wbk-widget wbk-widget-text wbk-inner-content\"><div class=\"wbk-widget-content wbk-widget-content-text\"><p>Under applicable data protection law, you are entitled, among other things (under the conditions of applicable law),<\/p><\/div><\/div><div class=\"wbk-widget wbk-widget-text wbk-inner-content\"><div class=\"wbk-widget-content wbk-widget-content-text\"><ul><li>to request information on whether and what data we have stored about you and to receive copies of this data,<\/li><li>request correction, supplementation or deletion of your data that is incorrect or not processed in accordance with the law,<\/li><li>request that we restrict the processing of your data,<\/li><li>under certain circumstances, object to the processing of your data or revoke the consent previously given for processing,<\/li><li>request data portability,<\/li><li>know the identity of third parties to whom your data will be transmitted, and<\/li><li>file a complaint with the competent data protection authority.<\/li><\/ul><\/div><\/div><div class=\"wbk-widget wbk-widget-text wbk-widget-text-headline wbk-inner-content\"><div class=\"wbk-widget-content wbk-widget-content-text\"><h3>Our contact details<\/h3><\/div><\/div><div class=\"wbk-widget wbk-widget-text wbk-inner-content\"><div class=\"wbk-widget-content wbk-widget-content-text\"><p>If you have any questions or concerns about the processing of your data, please contact us:<\/p><\/div><\/div><div class=\"wbk-widget wbk-widget-text wbk-inner-content\"><div class=\"wbk-widget-content wbk-widget-content-text\"><p><strong>BLP Better Life Products GmbH<br \/><\/strong>Schubertweg 14<br \/>A-9400 Wolfsberg<br \/>AUSTRIA<br \/><br \/>E-mail:<a>datenschutz@betterlifeproducts.at<\/a><\/p><\/div><\/div>\t\t\t\t\t\t<\/div>\n\t\t\t\t<\/div>\n\t\t\t\t\t<\/div>\n\t\t\t\t<\/div>\n\t\t\t\t\t\t\t<\/div>","protected":false},"excerpt":{"rendered":"<p>Datenschutzinformation Diese Information beschreibt, wie die BLP Better Life Products GmbH (\u201ewir\u201c) Ihre personenbezogenen Daten verarbeitet. Verarbeitungen Ihrer Daten All jene Daten, die Sie uns zur Verf\u00fcgung stellen, wenn Sie einen Vertrag mit uns abschlie\u00dfen oder eine Anfrage an uns richten (z.B. bez\u00fcglich Kauf, Vertriebswege, Anwendung unserer Produkte, Produktinformationen) werden von uns \u2013 sofern nicht [&hellip;]<\/p>","protected":false},"author":1,"featured_media":0,"parent":0,"menu_order":0,"comment_status":"closed","ping_status":"closed","template":"","meta":{"footnotes":""},"class_list":["post-936","page","type-page","status-publish","hentry","entry"],"_links":{"self":[{"href":"https:\/\/blp-interimsmanagement.at\/en\/wp-json\/wp\/v2\/pages\/936","targetHints":{"allow":["GET"]}}],"collection":[{"href":"https:\/\/blp-interimsmanagement.at\/en\/wp-json\/wp\/v2\/pages"}],"about":[{"href":"https:\/\/blp-interimsmanagement.at\/en\/wp-json\/wp\/v2\/types\/page"}],"author":[{"embeddable":true,"href":"https:\/\/blp-interimsmanagement.at\/en\/wp-json\/wp\/v2\/users\/1"}],"replies":[{"embeddable":true,"href":"https:\/\/blp-interimsmanagement.at\/en\/wp-json\/wp\/v2\/comments?post=936"}],"version-history":[{"count":7,"href":"https:\/\/blp-interimsmanagement.at\/en\/wp-json\/wp\/v2\/pages\/936\/revisions"}],"predecessor-version":[{"id":949,"href":"https:\/\/blp-interimsmanagement.at\/en\/wp-json\/wp\/v2\/pages\/936\/revisions\/949"}],"wp:attachment":[{"href":"https:\/\/blp-interimsmanagement.at\/en\/wp-json\/wp\/v2\/media?parent=936"}],"curies":[{"name":"wp","href":"https:\/\/api.w.org\/{rel}","templated":true}]}}