{"id":294,"date":"2016-11-03T16:50:09","date_gmt":"2016-11-03T15:50:09","guid":{"rendered":"http:\/\/lawyer2.mythemecloud.io\/?page_id=294"},"modified":"2023-05-07T20:33:46","modified_gmt":"2023-05-07T18:33:46","slug":"practice-areas","status":"publish","type":"page","link":"https:\/\/blp-interimsmanagement.at\/en\/practice-areas\/","title":{"rendered":"RANGE OF SERVICES"},"content":{"rendered":"<div data-elementor-type=\"wp-post\" data-elementor-id=\"294\" class=\"elementor elementor-294\">\n\t\t\t\t\t\t\t<div class=\"elementor-element elementor-element-50d2e86 e-flex e-con-boxed e-con e-parent\" data-id=\"50d2e86\" data-element_type=\"container\" data-settings=\"{&quot;content_width&quot;:&quot;boxed&quot;}\" data-core-v316-plus=\"true\">\n\t\t\t\t\t<div class=\"e-con-inner\">\n\t\t\t\t<div class=\"elementor-element elementor-element-87a7eac elementor-invisible elementor-widget elementor-widget-wb-news-ticker\" data-id=\"87a7eac\" data-element_type=\"widget\" data-settings=\"{&quot;_animation&quot;:&quot;fadeInDown&quot;}\" data-widget_type=\"wb-news-ticker.default\">\n\t\t\t\t<div class=\"elementor-widget-container\">\n\t\t\t<div data-template-style=\"default\" class=\"wbel-nt-wrapper\">\t<div class=\"wb-breaking-news-ticker-wrapper\">\r\n\t\t<div\r\n\t\t\tclass=\"wb-breaking-news-ticker breaking-news-ticker\"\r\n\t\t\tid=\"wb_news_ticker87a7eac\"\r\n\t\t>\r\n\t\t\t\t<div class=\"wbnt-el-label bn-label\">We are your EXTERNAL AUDIT EXPERT for <\/div>\r\n\t\t\t<div class=\"wbnt-el-container bn-news\">\r\n\r\n\t\t\t\t<ul class=\"wbnt-news-ticker-list\">\r\n\t\t\t\t\t\t\t\t\t\t\t\t\t<li class=\"wbnt-news-ticker-list-item\">\r\n\t\t\t\t\t\t\t\t\t<a href=\"\"  >\r\n\t\t\t\t\t\t\t\t\t\t - ACTIVE INGREDIENTS MANUFACTURERS (APIs)\t\t\t\t\t\t\t\t\t<\/a>\r\n\t\t\t\t\t\t\t\t<\/li>\r\n\t\t\t\t\t\t\t\t\t\t\t\t\t<li class=\"wbnt-news-ticker-list-item\">\r\n\t\t\t\t\t\t\t\t\t<a href=\"\"  >\r\n\t\t\t\t\t\t\t\t\t\t - EXIPIENT MANUFACTURERS\n\t\t\t\t\t\t\t\t\t<\/a>\r\n\t\t\t\t\t\t\t\t<\/li>\r\n\t\t\t\t\t\t\t\t\t\t\t\t\t<li class=\"wbnt-news-ticker-list-item\">\r\n\t\t\t\t\t\t\t\t\t<a href=\"\"  >\r\n\t\t\t\t\t\t\t\t\t\t - DEALERS, IMPORTERS\n\t\t\t\t\t\t\t\t\t<\/a>\r\n\t\t\t\t\t\t\t\t<\/li>\r\n\t\t\t\t\t\t\t\t\t\t\t\t\t<li class=\"wbnt-news-ticker-list-item\">\r\n\t\t\t\t\t\t\t\t\t<a href=\"\"  >\r\n\t\t\t\t\t\t\t\t\t\t - CONTRACT MANUFACTURERS\t\t\t\t\t\t\t\t\t<\/a>\r\n\t\t\t\t\t\t\t\t<\/li>\r\n\t\t\t\t\t\t\t\t\t\t\t\t\t<li class=\"wbnt-news-ticker-list-item\">\r\n\t\t\t\t\t\t\t\t\t<a href=\"\"  >\r\n\t\t\t\t\t\t\t\t\t\t - TESTING LABORATORIES, EXTERNAL WAREHOUSES (GDP)\n\t\t\t\t\t\t\t\t\t<\/a>\r\n\t\t\t\t\t\t\t\t<\/li>\r\n\t\t\t\t\t\t\t\t\t<\/ul>\r\n\t\t\t<\/div>\r\n\t\t\t<div class=\"wbel-nt-controls bn-controls\">\r\n\t\t\t\t<button><span class=\"bn-arrow bn-prev\"><\/span><\/button>\r\n\t\t\t\t<button><span class=\"bn-action\"><\/span><\/button>\r\n\t\t\t\t<button><span class=\"bn-arrow bn-next\"><\/span><\/button>\r\n\t\t\t<\/div>\r\n\t\t<\/div>\r\n\t<\/div><\/div>\t\t<\/div>\n\t\t\t\t<\/div>\n\t\t\t\t\t<\/div>\n\t\t\t\t<\/div>\n\t\t<div class=\"elementor-element elementor-element-de8ab76 e-con-full e-flex e-con e-parent\" data-id=\"de8ab76\" data-element_type=\"container\" data-settings=\"{&quot;content_width&quot;:&quot;full&quot;}\" data-core-v316-plus=\"true\">\n\t\t<div class=\"elementor-element elementor-element-725cd95 e-con-full e-flex e-con e-child\" data-id=\"725cd95\" data-element_type=\"container\" data-settings=\"{&quot;content_width&quot;:&quot;full&quot;}\">\n\t\t\t\t<div class=\"elementor-element elementor-element-379a24d elementor-widget__width-initial elementor-widget elementor-widget-eael-flip-box\" data-id=\"379a24d\" data-element_type=\"widget\" data-widget_type=\"eael-flip-box.default\">\n\t\t\t\t<div class=\"elementor-widget-container\">\n\t\t\t\n        <div class=\"eael-elements-flip-box-container eael-animate-flip eael-animate-fade-in eael-content\">\n\n            <div class=\"eael-elements-flip-box-flip-card\">\n                <div class=\"eael-elements-flip-box-front-container\">\n\n                    \n                        <div class=\"eael-elements-slider-display-table\">\n                            <div class=\"eael-elements-flip-box-vertical-align\">\n                                <div class=\"eael-elements-flip-box-padding\">\n                                    <div class=\"eael-elements-flip-box-icon-image\">\n                                                                            <\/div>\n                                                                        <h1 class=\"eael-elements-flip-box-heading\">CONTRACT-AUDITS<\/h1>\n                                                                        <div class=\"eael-elements-flip-box-content\">\n                                        <p><p><img loading=\"lazy\" decoding=\"async\" class=\"size-full wp-image-1456 aligncenter\" src=\"https:\/\/blp-interimsmanagement.at\/wp-content\/uploads\/2023\/04\/audits.png\" alt=\"\" width=\"254\" height=\"274\" \/><\/p><\/p>\n                                    <\/div>\n                                <\/div>\n                            <\/div>\n                        <\/div>\n                                    <\/div>\n\n                <div class=\"eael-elements-flip-box-rear-container\">\n\n                                            <div class=\"eael-elements-slider-display-table\">\n                            <div class=\"eael-elements-flip-box-vertical-align\">\n                                <div class=\"eael-elements-flip-box-padding\">\n                                                                                                            <h1 class=\"eael-elements-flip-box-heading\">CONTRACT-AUDITS<\/h1>\n                                                                        <div class=\"eael-elements-flip-box-content\">\n                                        <p><p>Wir bieten AUFTRAGS-AUDITIERUNGEN (Third Party Audit, nach GMP\/HACCP\/ISO\/VDA) durch ein qualifiziertes, pharmaerfahrenes Auftragsauditoren-Team !<\/p><p>Dabei werden unsererseits Lead-<br \/>und Co-Auditor gestellt.<\/p><p>\u00a0<\/p><p>\u00a0<\/p><p>\u00a0<\/p><\/p>\n                                    <\/div>\n\n                                                                    <\/div>\n                            <\/div>\n                        <\/div>\n                                    <\/div>\n            <\/div>\n        <\/div>\n\n\t\t<\/div>\n\t\t\t\t<\/div>\n\t\t\t\t<\/div>\n\t\t<div class=\"elementor-element elementor-element-573db6a e-con-full e-flex e-con e-child\" data-id=\"573db6a\" data-element_type=\"container\" data-settings=\"{&quot;content_width&quot;:&quot;full&quot;}\">\n\t\t<div class=\"elementor-element elementor-element-d5de7ab e-con-full e-flex e-con e-child\" data-id=\"d5de7ab\" data-element_type=\"container\" data-settings=\"{&quot;content_width&quot;:&quot;full&quot;}\">\n\t\t\t\t<div class=\"elementor-element elementor-element-c9d1ad1 elementor-widget__width-initial eael-flipbox-content-align-center elementor-widget elementor-widget-eael-flip-box\" data-id=\"c9d1ad1\" data-element_type=\"widget\" data-widget_type=\"eael-flip-box.default\">\n\t\t\t\t<div class=\"elementor-widget-container\">\n\t\t\t\n        <div class=\"eael-elements-flip-box-container eael-animate-flip eael-animate-fade-in eael-content\">\n\n            <div class=\"eael-elements-flip-box-flip-card\">\n                <div class=\"eael-elements-flip-box-front-container\">\n\n                    \n                        <div class=\"eael-elements-slider-display-table\">\n                            <div class=\"eael-elements-flip-box-vertical-align\">\n                                <div class=\"eael-elements-flip-box-padding\">\n                                    <div class=\"eael-elements-flip-box-icon-image\">\n                                                                            <\/div>\n                                                                        <h1 class=\"eael-elements-flip-box-heading\">Interims-Einkauf<\/h1>\n                                                                        <div class=\"eael-elements-flip-box-content\">\n                                        <p><p><img loading=\"lazy\" decoding=\"async\" class=\"size-full wp-image-1457 aligncenter\" src=\"https:\/\/blp-interimsmanagement.at\/wp-content\/uploads\/2023\/04\/einkauf.png\" alt=\"\" width=\"170\" height=\"188\" \/><\/p><\/p>\n                                    <\/div>\n                                <\/div>\n                            <\/div>\n                        <\/div>\n                                    <\/div>\n\n                <div class=\"eael-elements-flip-box-rear-container\">\n\n                                            <div class=\"eael-elements-slider-display-table\">\n                            <div class=\"eael-elements-flip-box-vertical-align\">\n                                <div class=\"eael-elements-flip-box-padding\">\n                                                                                                            <h1 class=\"eael-elements-flip-box-heading\">Interims-Einkauf<\/h1>\n                                                                        <div class=\"eael-elements-flip-box-content\">\n                                        <p><p>Steigern Sie Ihren Betriebsgewinn durch nachhaltige Einkaufsoptimierung ! \u200b<\/p><\/p>\n                                    <\/div>\n\n                                                                    <\/div>\n                            <\/div>\n                        <\/div>\n                                    <\/div>\n            <\/div>\n        <\/div>\n\n\t\t<\/div>\n\t\t\t\t<\/div>\n\t\t\t\t<div class=\"elementor-element elementor-element-5b28ffb elementor-widget__width-initial eael-flipbox-content-align-center elementor-widget elementor-widget-eael-flip-box\" data-id=\"5b28ffb\" data-element_type=\"widget\" data-widget_type=\"eael-flip-box.default\">\n\t\t\t\t<div class=\"elementor-widget-container\">\n\t\t\t\n        <div class=\"eael-elements-flip-box-container eael-animate-flip eael-animate-fade-in eael-content\">\n\n            <div class=\"eael-elements-flip-box-flip-card\">\n                <div class=\"eael-elements-flip-box-front-container\">\n\n                    \n                        <div class=\"eael-elements-slider-display-table\">\n                            <div class=\"eael-elements-flip-box-vertical-align\">\n                                <div class=\"eael-elements-flip-box-padding\">\n                                    <div class=\"eael-elements-flip-box-icon-image\">\n                                                                            <\/div>\n                                                                        <h1 class=\"eael-elements-flip-box-heading translation-block\">Interim-<br>SCM<\/h1>\n                                                                        <div class=\"eael-elements-flip-box-content\">\n                                        <p><p><img loading=\"lazy\" decoding=\"async\" class=\"size-full wp-image-1459 aligncenter\" src=\"https:\/\/blp-interimsmanagement.at\/wp-content\/uploads\/2023\/04\/scm.png\" alt=\"\" width=\"157\" height=\"170\" \/><\/p><\/p>\n                                    <\/div>\n                                <\/div>\n                            <\/div>\n                        <\/div>\n                                    <\/div>\n\n                <div class=\"eael-elements-flip-box-rear-container\">\n\n                                            <div class=\"eael-elements-slider-display-table\">\n                            <div class=\"eael-elements-flip-box-vertical-align\">\n                                <div class=\"eael-elements-flip-box-padding\">\n                                                                                                            <h1 class=\"eael-elements-flip-box-heading translation-block\">Interim-<br>SCM<\/h1>\n                                                                        <div class=\"eael-elements-flip-box-content\">\n                                        <p><p>Nachhaltige Optimierung der<br \/>Wertsch\u00f6pfungskette<br \/>innerhalb Ihrer Supply Chain !<\/p><\/p>\n                                    <\/div>\n\n                                                                    <\/div>\n                            <\/div>\n                        <\/div>\n                                    <\/div>\n            <\/div>\n        <\/div>\n\n\t\t<\/div>\n\t\t\t\t<\/div>\n\t\t\t\t<\/div>\n\t\t<div class=\"elementor-element elementor-element-dc79bfd e-flex e-con-boxed e-con e-child\" data-id=\"dc79bfd\" data-element_type=\"container\" data-settings=\"{&quot;content_width&quot;:&quot;boxed&quot;}\">\n\t\t\t\t\t<div class=\"e-con-inner\">\n\t\t\t\t<div class=\"elementor-element elementor-element-d685cac elementor-widget__width-initial eael-flipbox-content-align-center elementor-widget elementor-widget-eael-flip-box\" data-id=\"d685cac\" data-element_type=\"widget\" data-widget_type=\"eael-flip-box.default\">\n\t\t\t\t<div class=\"elementor-widget-container\">\n\t\t\t\n        <div class=\"eael-elements-flip-box-container eael-animate-flip eael-animate-fade-in eael-content\">\n\n            <div class=\"eael-elements-flip-box-flip-card\">\n                <div class=\"eael-elements-flip-box-front-container\">\n\n                    \n                        <div class=\"eael-elements-slider-display-table\">\n                            <div class=\"eael-elements-flip-box-vertical-align\">\n                                <div class=\"eael-elements-flip-box-padding\">\n                                    <div class=\"eael-elements-flip-box-icon-image\">\n                                                                            <\/div>\n                                                                        <h1 class=\"eael-elements-flip-box-heading\">INTERIM REGULATORY AFFAIRS<\/h1>\n                                                                        <div class=\"eael-elements-flip-box-content\">\n                                        <p><p><img loading=\"lazy\" decoding=\"async\" class=\"size-full wp-image-1460 aligncenter\" src=\"https:\/\/blp-interimsmanagement.at\/wp-content\/uploads\/2023\/04\/zulassung.png\" alt=\"\" width=\"129\" height=\"141\" \/><\/p><\/p>\n                                    <\/div>\n                                <\/div>\n                            <\/div>\n                        <\/div>\n                                    <\/div>\n\n                <div class=\"eael-elements-flip-box-rear-container\">\n\n                                            <div class=\"eael-elements-slider-display-table\">\n                            <div class=\"eael-elements-flip-box-vertical-align\">\n                                <div class=\"eael-elements-flip-box-padding\">\n                                                                                                            <h2 class=\"eael-elements-flip-box-heading\">INTERIM REGULATORY AFFAIRS<\/h2>\n                                                                        <div class=\"eael-elements-flip-box-content\">\n                                        <p><p>Wir bieten tempor\u00e4re Unterst\u00fctzung<br \/>im Bereich Arzneimittelzulassung<br \/>(Regulatory Affairs)\u200b<\/p><\/p>\n                                    <\/div>\n\n                                                                    <\/div>\n                            <\/div>\n                        <\/div>\n                                    <\/div>\n            <\/div>\n        <\/div>\n\n\t\t<\/div>\n\t\t\t\t<\/div>\n\t\t\t\t<div class=\"elementor-element elementor-element-59619f9 elementor-widget__width-initial eael-flipbox-content-align-center elementor-widget elementor-widget-eael-flip-box\" data-id=\"59619f9\" data-element_type=\"widget\" data-widget_type=\"eael-flip-box.default\">\n\t\t\t\t<div class=\"elementor-widget-container\">\n\t\t\t\n        <div class=\"eael-elements-flip-box-container eael-animate-flip eael-animate-fade-in eael-content\">\n\n            <div class=\"eael-elements-flip-box-flip-card\">\n                <div class=\"eael-elements-flip-box-front-container\">\n\n                    \n                        <div class=\"eael-elements-slider-display-table\">\n                            <div class=\"eael-elements-flip-box-vertical-align\">\n                                <div class=\"eael-elements-flip-box-padding\">\n                                    <div class=\"eael-elements-flip-box-icon-image\">\n                                                                            <\/div>\n                                                                        <h1 class=\"eael-elements-flip-box-heading translation-block\">Interim-<br>QM<\/h1>\n                                                                        <div class=\"eael-elements-flip-box-content\">\n                                        <p><p><img loading=\"lazy\" decoding=\"async\" class=\"size-full wp-image-1458 aligncenter\" src=\"https:\/\/blp-interimsmanagement.at\/wp-content\/uploads\/2023\/04\/qm.png\" alt=\"\" width=\"123\" height=\"135\" \/><\/p><\/p>\n                                    <\/div>\n                                <\/div>\n                            <\/div>\n                        <\/div>\n                                    <\/div>\n\n                <div class=\"eael-elements-flip-box-rear-container\">\n\n                                            <div class=\"eael-elements-slider-display-table\">\n                            <div class=\"eael-elements-flip-box-vertical-align\">\n                                <div class=\"eael-elements-flip-box-padding\">\n                                                                            <div class=\"eael-elements-flip-box-icon-image\">\n                                                                                            <img decoding=\"async\" class=\"eael-flipbox-image-as-icon\" src=\"\" alt=\"\">\n                                                                                    <\/div>\n                                                                                                            <h1 class=\"eael-elements-flip-box-heading translation-block\">Interim-<br>QM<\/h1>\n                                                                        <div class=\"eael-elements-flip-box-content\">\n                                        <p><p>Wir bieten tempor\u00e4re Unterst\u00fctzung<br \/>im Bereich Qualit\u00e4tsmanagement<br \/>(QM - TQM)\u200b<\/p><\/p>\n                                    <\/div>\n\n                                                                    <\/div>\n                            <\/div>\n                        <\/div>\n                                    <\/div>\n            <\/div>\n        <\/div>\n\n\t\t<\/div>\n\t\t\t\t<\/div>\n\t\t\t\t\t<\/div>\n\t\t\t\t<\/div>\n\t\t\t\t<\/div>\n\t\t\t\t<\/div>\n\t\t\t\t\t\t\t<\/div>","protected":false},"excerpt":{"rendered":"<p>Wir sind Ihr EXTERNER AUDIT-EXPERTE f\u00fcr &#8211; WIRKSTOFFHERSTELLER (APIs) &#8211; HILFSSTOFFHERSTELLER &#8211; H\u00c4NDLER, IMPORTEURE &#8211; AUFTRAGSHERSTELLER (KONTRAKT HERSTELLER) &#8211; PR\u00dcFLABORE, EXTERNE L\u00c4GER AUDITS AUDITS Wir bieten AUFTRAGS-AUDITIERUNGEN (Third Party Audit, nach GMP\/HACCP\/ISO\/VDA) durch ein qualifiziertes, pharmaerfahrenes Auftragsauditoren-Team ! Dabei werden unsererseits Lead-und Co-Auditor gestellt. \u00a0 \u00a0 \u00a0 Interims-Einkauf Interims-Einkauf Steigern Sie Ihren Betriebsgewinn durch nachhaltige [&hellip;]<\/p>","protected":false},"author":1,"featured_media":0,"parent":0,"menu_order":0,"comment_status":"closed","ping_status":"closed","template":"","meta":{"footnotes":""},"class_list":["post-294","page","type-page","status-publish","hentry","entry"],"_links":{"self":[{"href":"https:\/\/blp-interimsmanagement.at\/en\/wp-json\/wp\/v2\/pages\/294","targetHints":{"allow":["GET"]}}],"collection":[{"href":"https:\/\/blp-interimsmanagement.at\/en\/wp-json\/wp\/v2\/pages"}],"about":[{"href":"https:\/\/blp-interimsmanagement.at\/en\/wp-json\/wp\/v2\/types\/page"}],"author":[{"embeddable":true,"href":"https:\/\/blp-interimsmanagement.at\/en\/wp-json\/wp\/v2\/users\/1"}],"replies":[{"embeddable":true,"href":"https:\/\/blp-interimsmanagement.at\/en\/wp-json\/wp\/v2\/comments?post=294"}],"version-history":[{"count":10,"href":"https:\/\/blp-interimsmanagement.at\/en\/wp-json\/wp\/v2\/pages\/294\/revisions"}],"predecessor-version":[{"id":1818,"href":"https:\/\/blp-interimsmanagement.at\/en\/wp-json\/wp\/v2\/pages\/294\/revisions\/1818"}],"wp:attachment":[{"href":"https:\/\/blp-interimsmanagement.at\/en\/wp-json\/wp\/v2\/media?parent=294"}],"curies":[{"name":"wp","href":"https:\/\/api.w.org\/{rel}","templated":true}]}}